{"id":3,"date":"2021-02-09T20:59:42","date_gmt":"2021-02-09T19:59:42","guid":{"rendered":"http:\/\/oldgallery.eu\/en\/?page_id=3"},"modified":"2021-02-18T21:02:58","modified_gmt":"2021-02-18T20:02:58","slug":"polityka-prywatnosci","status":"publish","type":"page","link":"https:\/\/oldgallery.eu\/en\/polityka-prywatnosci\/","title":{"rendered":""},"content":{"rendered":"\t\t<div data-elementor-type=\"wp-page\" data-elementor-id=\"3\" class=\"elementor elementor-3\" data-elementor-settings=\"[]\">\n\t\t\t\t\t\t\t<div class=\"elementor-section-wrap\">\n\t\t\t\t\t\t\t<section class=\"elementor-section elementor-top-section elementor-element elementor-element-1ee8419c elementor-section-boxed elementor-section-height-default elementor-section-height-default\" data-id=\"1ee8419c\" data-element_type=\"section\">\n\t\t\t\t\t\t<div class=\"elementor-container elementor-column-gap-default\">\n\t\t\t\t\t<div class=\"elementor-column elementor-col-100 elementor-top-column elementor-element elementor-element-414974bc\" data-id=\"414974bc\" data-element_type=\"column\">\n\t\t\t<div class=\"elementor-widget-wrap elementor-element-populated\">\n\t\t\t\t\t\t\t\t<div class=\"elementor-element elementor-element-d51b958 elementor-widget elementor-widget-heading\" data-id=\"d51b958\" data-element_type=\"widget\" data-widget_type=\"heading.default\">\n\t\t\t\t<div class=\"elementor-widget-container\">\n\t\t\t<h2 class=\"elementor-heading-title elementor-size-default\">Polityka prywatno\u015bci<\/h2>\t\t<\/div>\n\t\t\t\t<\/div>\n\t\t\t\t<div class=\"elementor-element elementor-element-1a5aa47 elementor-widget elementor-widget-heading\" data-id=\"1a5aa47\" data-element_type=\"widget\" data-widget_type=\"heading.default\">\n\t\t\t\t<div class=\"elementor-widget-container\">\n\t\t\t<h5 class=\"elementor-heading-title elementor-size-default\">\u00a71 DEFINICJE\n<\/h5>\t\t<\/div>\n\t\t\t\t<\/div>\n\t\t\t\t<div class=\"elementor-element elementor-element-78c51b6 elementor-widget elementor-widget-text-editor\" data-id=\"78c51b6\" data-element_type=\"widget\" data-widget_type=\"text-editor.default\">\n\t\t\t\t<div class=\"elementor-widget-container\">\n\t\t\t\t\t<div class=\"elementor-text-editor elementor-clearfix\"><p><!-- wp:heading --><\/p>\n<p class=\"MsoNormal\" style=\"margin-bottom: 0cm; text-align: center; line-height: normal;\"><span style=\"font-size: 15px; color: rgb(51, 51, 51);\">1.<span style=\"font-style: normal; font-variant-numeric: normal; font-variant-east-asian: normal; font-weight: normal; font-stretch: normal; font-size: 7pt; line-height: normal; font-family: 'Times New Roman';\">&nbsp;&nbsp;&nbsp;&nbsp;&nbsp;&nbsp; <\/span><\/span><span style=\"font-size: 15px; color: rgb(51, 51, 51);\">Administrator \u2013 Alina Latos prowadz\u0105ca dzia\u0142alno\u015b\u0107 gospodarcz\u0105 pod firm\u0105 QUADRA POLSKA Alina Latos z siedzib\u0105 w Bydgoszczy, 85-236, przy ulicy Grunwaldzkiej 18A, NIP: 556-19-08-283<\/span><br><\/p>\n<p><!-- [if !supportLists]--><span style=\"mso-ascii-font-family: Calibri; mso-ascii-theme-font: major-latin; mso-fareast-font-family: Calibri; mso-fareast-theme-font: major-latin; mso-hansi-font-family: Calibri; mso-hansi-theme-font: major-latin; mso-bidi-font-family: Calibri; mso-bidi-theme-font: major-latin; color: #333333; mso-fareast-language: PL;\">2.<span style=\"font-style: normal; font-variant-numeric: normal; font-variant-east-asian: normal; font-weight: normal; font-stretch: normal; font-size: 7pt; line-height: normal; font-family: 'Times New Roman';\">&nbsp;&nbsp;&nbsp;&nbsp;&nbsp;&nbsp; <\/span><\/span><!--[endif]--><span style=\"mso-ascii-font-family: Calibri; mso-ascii-theme-font: major-latin; mso-fareast-font-family: 'Times New Roman'; mso-hansi-font-family: Calibri; mso-hansi-theme-font: major-latin; mso-bidi-font-family: Calibri; mso-bidi-theme-font: major-latin; color: #333333; mso-fareast-language: PL;\">Dane osobowe \u2013 wszystkie informacje o osobie fizycznej zidentyfikowanej lub mo\u017cliwej do zidentyfikowania poprzez jeden b\u0105d\u017a kilka szczeg\u00f3lnych czynnik\u00f3w okre\u015blaj\u0105cych fizyczn\u0105, fizjologiczn\u0105, genetyczn\u0105, psychiczn\u0105, ekonomiczn\u0105, kulturow\u0105 lub spo\u0142eczn\u0105 to\u017csamo\u015b\u0107, w tym IP urz\u0105dzenia, dane o lokalizacji, identyfikator internetowy oraz informacje gromadzone za po\u015brednictwem plik\u00f3w cookie oraz innej podobnej technologii.<\/span><\/p>\n<p><!-- [if !supportLists]--><span style=\"mso-ascii-font-family: Calibri; mso-ascii-theme-font: major-latin; mso-fareast-font-family: Calibri; mso-fareast-theme-font: major-latin; mso-hansi-font-family: Calibri; mso-hansi-theme-font: major-latin; mso-bidi-font-family: Calibri; mso-bidi-theme-font: major-latin; color: #333333; mso-fareast-language: PL;\">3.<span style=\"font-style: normal; font-variant-numeric: normal; font-variant-east-asian: normal; font-weight: normal; font-stretch: normal; font-size: 7pt; line-height: normal; font-family: 'Times New Roman';\">&nbsp;&nbsp;&nbsp;&nbsp;&nbsp;&nbsp; <\/span><\/span><!--[endif]--><span style=\"mso-ascii-font-family: Calibri; mso-ascii-theme-font: major-latin; mso-fareast-font-family: 'Times New Roman'; mso-hansi-font-family: Calibri; mso-hansi-theme-font: major-latin; mso-bidi-font-family: Calibri; mso-bidi-theme-font: major-latin; color: #333333; mso-fareast-language: PL;\">Polityka \u2013 niniejsza Polityka prywatno\u015bci.<\/span><\/p>\n<p><!-- [if !supportLists]--><span style=\"mso-ascii-font-family: Calibri; mso-ascii-theme-font: major-latin; mso-fareast-font-family: Calibri; mso-fareast-theme-font: major-latin; mso-hansi-font-family: Calibri; mso-hansi-theme-font: major-latin; mso-bidi-font-family: Calibri; mso-bidi-theme-font: major-latin; color: #333333; mso-fareast-language: PL;\">4.<span style=\"font-style: normal; font-variant-numeric: normal; font-variant-east-asian: normal; font-weight: normal; font-stretch: normal; font-size: 7pt; line-height: normal; font-family: 'Times New Roman';\">&nbsp;&nbsp;&nbsp;&nbsp;&nbsp;&nbsp; <\/span><\/span><!--[endif]--><span style=\"mso-ascii-font-family: Calibri; mso-ascii-theme-font: major-latin; mso-fareast-font-family: 'Times New Roman'; mso-hansi-font-family: Calibri; mso-hansi-theme-font: major-latin; mso-bidi-font-family: Calibri; mso-bidi-theme-font: major-latin; color: #333333; mso-fareast-language: PL;\">RODO \u2013 Rozporz\u0105dzenie Parlamentu Europejskiego i Rady (UE) 2016\/679 z dnia 27 kwietnia 2016 r. w sprawie ochrony os\u00f3b fizycznych w zwi\u0105zku z przetwarzaniem danych osobowych i w sprawie swobodnego przep\u0142ywu takich danych oraz uchylenia dyrektywy 95\/46\/WE (og\u00f3lne rozporz\u0105dzenie o ochronie danych)<\/span><\/p>\n<p><!-- [if !supportLists]--><span style=\"mso-ascii-font-family: Calibri; mso-ascii-theme-font: major-latin; mso-fareast-font-family: Calibri; mso-fareast-theme-font: major-latin; mso-hansi-font-family: Calibri; mso-hansi-theme-font: major-latin; mso-bidi-font-family: Calibri; mso-bidi-theme-font: major-latin; color: #333333; mso-fareast-language: PL;\">5.<span style=\"font-style: normal; font-variant-numeric: normal; font-variant-east-asian: normal; font-weight: normal; font-stretch: normal; font-size: 7pt; line-height: normal; font-family: 'Times New Roman';\">&nbsp;&nbsp;&nbsp;&nbsp;&nbsp;&nbsp; <\/span><\/span><!--[endif]--><span style=\"mso-ascii-font-family: Calibri; mso-ascii-theme-font: major-latin; mso-fareast-font-family: 'Times New Roman'; mso-hansi-font-family: Calibri; mso-hansi-theme-font: major-latin; mso-bidi-font-family: Calibri; mso-bidi-theme-font: major-latin; color: #333333; mso-fareast-language: PL;\">Old Gallery\/Galeria \u2013 serwis internetowy b\u0119d\u0105cy platform\u0105 handlow\u0105 prowadzon\u0105 pod domen\u0105 www.oldgallery.eu\/en<\/span><\/p>\n<p><!-- [if !supportLists]--><span style=\"mso-ascii-font-family: Calibri; mso-ascii-theme-font: major-latin; mso-fareast-font-family: Calibri; mso-fareast-theme-font: major-latin; mso-hansi-font-family: Calibri; mso-hansi-theme-font: major-latin; mso-bidi-font-family: Calibri; mso-bidi-theme-font: major-latin; color: #333333; mso-fareast-language: PL;\">6.<span style=\"font-style: normal; font-variant-numeric: normal; font-variant-east-asian: normal; font-weight: normal; font-stretch: normal; font-size: 7pt; line-height: normal; font-family: 'Times New Roman';\">&nbsp;&nbsp;&nbsp;&nbsp;&nbsp;&nbsp; <\/span><\/span><!--[endif]--><span style=\"mso-ascii-font-family: Calibri; mso-ascii-theme-font: major-latin; mso-fareast-font-family: 'Times New Roman'; mso-hansi-font-family: Calibri; mso-hansi-theme-font: major-latin; mso-bidi-font-family: Calibri; mso-bidi-theme-font: major-latin; color: #333333; mso-fareast-language: PL;\">U\u017cytkownik \u2013 ka\u017cda osoba fizyczna odwiedzaj\u0105ca Galeri\u0119 lub korzystaj\u0105ca z jednej albo kilku us\u0142ug czy funkcjonalno\u015bci opisanych w Polityce, kt\u00f3rymi s\u0105: osoby fizyczne dokonuj\u0105ce czynno\u015bci prawnej niezwi\u0105zanej bezpo\u015brednio z ich dzia\u0142alno\u015bci\u0105, os\u00f3b fizycznych prowadz\u0105cych we w\u0142asnym imieniu dzia\u0142alno\u015b\u0107 gospodarcz\u0105 lub zawodow\u0105, os\u00f3b fizycznych reprezentuj\u0105cych osoby prawne lub jednostki organizacyjne nieb\u0119d\u0105ce osobami prawnymi, kt\u00f3rym ustawa przyznaje zdolno\u015b\u0107 prawn\u0105, prowadz\u0105c we w\u0142asnym imieniu dzia\u0142alno\u015b\u0107 gospodarcz\u0105 lub zawodow\u0105.<\/span><\/p>\n<p><!-- \/wp:heading --><\/p><\/div>\n\t\t\t\t<\/div>\n\t\t\t\t<\/div>\n\t\t\t\t<div class=\"elementor-element elementor-element-e4180a8 elementor-widget elementor-widget-heading\" data-id=\"e4180a8\" data-element_type=\"widget\" data-widget_type=\"heading.default\">\n\t\t\t\t<div class=\"elementor-widget-container\">\n\t\t\t<h5 class=\"elementor-heading-title elementor-size-default\">\u00a72 POSTANOWIENIA OG\u00d3LNE<\/h5>\t\t<\/div>\n\t\t\t\t<\/div>\n\t\t\t\t<div class=\"elementor-element elementor-element-e3501a0 elementor-widget elementor-widget-text-editor\" data-id=\"e3501a0\" data-element_type=\"widget\" data-widget_type=\"text-editor.default\">\n\t\t\t\t<div class=\"elementor-widget-container\">\n\t\t\t\t\t<div class=\"elementor-text-editor elementor-clearfix\"><ol>\n<li>Administratorem danych osobowych zbieranych za po\u015brednictwem Sklepu www.oldgallery.eu\/en jest Alina Latos, wykonuj\u0105ca dzia\u0142alno\u015b\u0107 gospodarcz\u0105 pod firm\u0105 QUADRA POLSKA Alina Latos z siedzib\u0105 w Bydgoszczy, 85-236, przy ulicy Grunwaldzkiej 18A, NIP: 556-19-08-283, adres e-mail: galeria@oldgallery.eu\/en<\/li>\n<li>Dane osobowe s\u0105 przetwarzane zgodnie z ustaw\u0105 o ochronie danych osobowych z dnia 29 sierpnia 1997 r. (Dz. U. Nr 133, poz. 883 ze zm.) oraz ustaw\u0105 o \u015bwiadczeniu us\u0142ug drog\u0105 elektroniczn\u0105 z dnia 18 lipca 2002 r. (Dz. U. Nr 144, poz. 1204 ze zm.).<\/li>\n<li>Administrator dok\u0142ada szczeg\u00f3lnej staranno\u015bci w celu ochrony interes\u00f3w os\u00f3b, kt\u00f3rych dane dotycz\u0105, a w szczeg\u00f3lno\u015bci zapewnia, \u017ce zbierane przez niego dane s\u0105:<\/li>\n<\/ol>\n<ul>\n<li>przetwarzane zgodnie z prawem,<\/li>\n<li>zbierane dla oznaczonych, zgodnych z prawem cel\u00f3w i niepoddawane dalszemu przetwarzaniu niezgodnemu z tymi celami,<\/li>\n<\/ul>\n<p>merytorycznie poprawne i adekwatne w stosunku do cel\u00f3w, w jakich s\u0105 przetwarzane oraz przechowywane w postaci umo\u017cliwiaj\u0105cej identyfikacj\u0119 os\u00f3b, kt\u00f3rych dotycz\u0105, nie d\u0142u\u017cej ni\u017c jest to niezb\u0119dne do osi\u0105gni\u0119cia celu przetwarzania.<\/p><\/div>\n\t\t\t\t<\/div>\n\t\t\t\t<\/div>\n\t\t\t\t<div class=\"elementor-element elementor-element-dfab770 elementor-widget elementor-widget-heading\" data-id=\"dfab770\" data-element_type=\"widget\" data-widget_type=\"heading.default\">\n\t\t\t\t<div class=\"elementor-widget-container\">\n\t\t\t<h5 class=\"elementor-heading-title elementor-size-default\">\u00a73 CEL I ZAKRES ZBIERANIA DANYCH\n<\/h5>\t\t<\/div>\n\t\t\t\t<\/div>\n\t\t\t\t<div class=\"elementor-element elementor-element-833d93e elementor-widget elementor-widget-text-editor\" data-id=\"833d93e\" data-element_type=\"widget\" data-widget_type=\"text-editor.default\">\n\t\t\t\t<div class=\"elementor-widget-container\">\n\t\t\t\t\t<div class=\"elementor-text-editor elementor-clearfix\"><ol>\n<li>Dane osobowe zbierane przez Administratora s\u0105 wykorzystywane do cel\u00f3w ksi\u0119gowych (np. wystawianie faktur), w celach marketingowych (np. newsletter), kontaktowania si\u0119 oraz innych czynno\u015bci zwi\u0105zanych z wykonywaniem Us\u0142ug Elektronicznych.<\/li>\n<li>Administrator przetwarza nast\u0119puj\u0105ce dane osobowe:<\/li>\n<\/ol>\n<ul>\n<li>imi\u0119 i nazwisko, nazwa firmy,<\/li>\n<li>adres (ulica i numer domu\/mieszkania, kod pocztowy, miasto),<\/li>\n<li>numer telefonu,<\/li>\n<li>numer NIP,<\/li>\n<li>adres e-mail.<\/li>\n<\/ul>\n<ol start=\"3\">\n<li>Administrator mo\u017ce przetwarza\u0107 nast\u0119puj\u0105ce dane charakteryzuj\u0105ce spos\u00f3b korzystania przez Us\u0142ugobiorc\u0119 z us\u0142ug \u015bwiadczonych drog\u0105 elektroniczn\u0105 (dane eksploatacyjne):<\/li>\n<\/ol>\n<ul>\n<li>oznaczenia identyfikuj\u0105ce zako\u0144czenie sieci telekomunikacyjnej lub system teleinformatyczny, z kt\u00f3rego korzysta\u0142 Us\u0142ugobiorca,<\/li>\n<li>informacje o rozpocz\u0119ciu, zako\u0144czeniu oraz zakresie ka\u017cdorazowego korzystania przez Us\u0142ugobiorc\u0119 z us\u0142ugi \u015bwiadczonej drog\u0105 elektroniczn\u0105,<\/li>\n<li>informacje o skorzystaniu przez Us\u0142ugobiorc\u0119 z us\u0142ug \u015bwiadczonych drog\u0105 elektroniczn\u0105.<\/li>\n<\/ul>\n<p>Podanie danych osobowych, o kt\u00f3rych mowa w pkt. 2 jest niezb\u0119dne do \u015bwiadczenia przez Us\u0142ugodawc\u0119 us\u0142ug drog\u0105 elektroniczn\u0105 w ramach Sklepu lub zawarcia Umowy Sprzeda\u017cy Produktu.<\/p><\/div>\n\t\t\t\t<\/div>\n\t\t\t\t<\/div>\n\t\t\t\t<div class=\"elementor-element elementor-element-da9d147 elementor-widget elementor-widget-heading\" data-id=\"da9d147\" data-element_type=\"widget\" data-widget_type=\"heading.default\">\n\t\t\t\t<div class=\"elementor-widget-container\">\n\t\t\t<h5 class=\"elementor-heading-title elementor-size-default\">\u00a74 PODSTAWA PRZETWARZANIA DANYCH\n<\/h5>\t\t<\/div>\n\t\t\t\t<\/div>\n\t\t\t\t<div class=\"elementor-element elementor-element-e6a313c elementor-widget elementor-widget-text-editor\" data-id=\"e6a313c\" data-element_type=\"widget\" data-widget_type=\"text-editor.default\">\n\t\t\t\t<div class=\"elementor-widget-container\">\n\t\t\t\t\t<div class=\"elementor-text-editor elementor-clearfix\"><ol>\n<li>Korzystanie ze Sklepu, zawieranie um\u00f3w o \u015bwiadczenie us\u0142ug drog\u0105 elektroniczn\u0105 za po\u015brednictwem Sklepu, z czym wi\u0105\u017ce si\u0119 konieczno\u015b\u0107 podania danych osobowych, jest ca\u0142kowicie dobrowolne. Osoba, kt\u00f3rej dane dotycz\u0105, samodzielnie decyduje, czy chce rozpocz\u0105\u0107 korzystanie z us\u0142ug \u015bwiadczonych drog\u0105 elektroniczn\u0105 przez Us\u0142ugodawc\u0119.<\/li>\n<li>Zgodnie z art. 23 ustawy o ochronie danych osobowych z dnia 29 sierpnia 1997 r. (Dz. U. Nr 133, poz. 883 ze zm.) przetwarzanie danych jest dopuszczalne m.in. gdy:\n<ul>\n<li>osoba, kt\u00f3rej dane dotycz\u0105, wyrazi na to zgod\u0119, chyba \u017ce chodzi o usuni\u0119cie dotycz\u0105cych jej danych.<\/li>\n<li>jest to konieczne do realizacji umowy, gdy osoba, kt\u00f3rej dane dotycz\u0105, jest jej stron\u0105 lub gdy jest to niezb\u0119dne do podj\u0119cia dzia\u0142a\u0144 przed zawarciem umowy na \u017c\u0105danie osoby, kt\u00f3rej dane dotycz\u0105.<\/li>\n<\/ul>\n<\/li>\n<\/ol>\n<ol start=\"4\">\n<li>Przetwarzanie danych osobowych przez Administratora odbywa si\u0119 zawsze w ramach podstaw dopuszczalno\u015bci ich przetwarzania wymienionych w pkt. 2. \n<\/li><li>Przetwarzanie danych b\u0119dzie mia\u0142o zwi\u0105zek z realizacj\u0105 umowy lub konieczno\u015bci\u0105 podj\u0119cia dzia\u0142a\u0144 przed zawarciem umowy na \u017c\u0105danie osoby, kt\u00f3rej dane dotycz\u0105 (pkt. 2 lit. b). Dodatkowo przed zawarciem um\u00f3w o \u015bwiadczenie us\u0142ug drog\u0105 elektroniczn\u0105 dost\u0119pnych za po\u015brednictwem Sklepu przysz\u0142y Us\u0142ugobiorca jest informowany o konieczno\u015bci akceptacji Regulaminu.<\/li>\n<\/ol><\/div>\n\t\t\t\t<\/div>\n\t\t\t\t<\/div>\n\t\t\t\t<div class=\"elementor-element elementor-element-3676aa1 elementor-widget elementor-widget-heading\" data-id=\"3676aa1\" data-element_type=\"widget\" data-widget_type=\"heading.default\">\n\t\t\t\t<div class=\"elementor-widget-container\">\n\t\t\t<h5 class=\"elementor-heading-title elementor-size-default\">\u00a75 PRAWO KONTROLI, DOST\u0118PU DO TRE\u015aCI SWOICH DANYCH ORAZ ICH POPRAWIANIA\n<\/h5>\t\t<\/div>\n\t\t\t\t<\/div>\n\t\t\t\t<div class=\"elementor-element elementor-element-fd14685 elementor-widget elementor-widget-text-editor\" data-id=\"fd14685\" data-element_type=\"widget\" data-widget_type=\"text-editor.default\">\n\t\t\t\t<div class=\"elementor-widget-container\">\n\t\t\t\t\t<div class=\"elementor-text-editor elementor-clearfix\"><ol>\n<li>Osoba, kt\u00f3rej dane dotycz\u0105, ma prawo dost\u0119pu do tre\u015bci swoich danych osobowych oraz ich poprawiania.<\/li>\n<li>Ka\u017cdej osobie przys\u0142uguje prawo do kontroli przetwarzania Danych osobowych, kt\u00f3re jej dotycz\u0105, zawartych w zbiorze Danych osobowych Administratora, a zw\u0142aszcza prawo do \u017c\u0105dania uzupe\u0142nienia, uaktualnienia, sprostowania Danych osobowych, czasowego lub sta\u0142ego wstrzymania ich przetwarzania lub ich usuni\u0119cia, je\u017celi s\u0105 one niekompletne, nieaktualne, nieprawdziwe lub zosta\u0142y zebrane z naruszeniem ustawy albo s\u0105 ju\u017c zb\u0119dne do realizacji celu, dla kt\u00f3rego zosta\u0142y zebrane.<\/li>\n<li>Realizacja uprawnie\u0144, o kt\u00f3rych mowa w pkt. 1 i 2 mo\u017ce zosta\u0107 dokonana poprzez przes\u0142anie stosownej wiadomo\u015bci e-mail na adres: galeria@oldgallery.eu\/en<\/li>\n<\/ol><\/div>\n\t\t\t\t<\/div>\n\t\t\t\t<\/div>\n\t\t\t\t<div class=\"elementor-element elementor-element-9400b46 elementor-widget elementor-widget-heading\" data-id=\"9400b46\" data-element_type=\"widget\" data-widget_type=\"heading.default\">\n\t\t\t\t<div class=\"elementor-widget-container\">\n\t\t\t<h5 class=\"elementor-heading-title elementor-size-default\">\u00a76 PLIKI \"COOKIES\"\n<\/h5>\t\t<\/div>\n\t\t\t\t<\/div>\n\t\t\t\t<div class=\"elementor-element elementor-element-9b74ca2 elementor-widget elementor-widget-text-editor\" data-id=\"9b74ca2\" data-element_type=\"widget\" data-widget_type=\"text-editor.default\">\n\t\t\t\t<div class=\"elementor-widget-container\">\n\t\t\t\t\t<div class=\"elementor-text-editor elementor-clearfix\"><ol>\n<li>Sklep Us\u0142ugodawcy u\u017cywa plik\u00f3w \u201ecookies\u201d. Brak zmiany po stronie Us\u0142ugobiorcy ustawie\u0144 przegl\u0105darki jest r\u00f3wnoznaczny z wyra\u017ceniem zgody na ich u\u017cycie.<\/li>\n<li>Instalacja plik\u00f3w \u201ecookies\u201d jest konieczna do prawid\u0142owego \u015bwiadczenia us\u0142ug w Sklepie. W plikach \u201ecookies&#8221; znajduj\u0105 si\u0119 informacje niezb\u0119dne do prawid\u0142owego funkcjonowania Sklepu, w szczeg\u00f3lno\u015bci tych wymagaj\u0105cych autoryzacji.<\/li>\n<li>W ramach Sklepu stosowane s\u0105 trzy rodzaje plik\u00f3w \u201ecookies\u201d: \u201esesyjne\u201d, \u201esta\u0142e\u201d oraz \u201eanalityczne\u201d.<\/li>\n<li>\u201eCookies\u201d \u201esesyjne\u201d s\u0105 plikami tymczasowymi, kt\u00f3re przechowywane s\u0105 w urz\u0105dzeniu ko\u0144cowym Us\u0142ugobiorcy do czasu wylogowania (opuszczenia Sklepu).<\/li>\n<li>\u201eCookies\u201d \u201esta\u0142e\u201d przechowywane s\u0105 w urz\u0105dzeniu ko\u0144cowym Us\u0142ugobiorcy przez czas okre\u015blony w parametrach plik\u00f3w \u201ecookies\u201d lub do czasu ich usuni\u0119cia przez Us\u0142ugobiorc\u0119.<\/li>\n<li>\u201eCookies\u201d \u201eanalityczne\u201d umo\u017cliwiaj\u0105 lepsze poznanie sposobu interakcji Us\u0142ugobiorcy w zakresie zawarto\u015bci Sklepu, aby lepiej zorganizowa\u0107 jego uk\u0142ad. \u201cAnalityczne\u201d \u201ecookies\u201d gromadz\u0105 informacje o sposobie korzystania ze Sklepu przez Us\u0142ugobiorc\u0119, typie strony, z jakiej Us\u0142ugobiorca zosta\u0142 przekierowany, oraz liczbie odwiedzin i czasie wizyty Us\u0142ugobiorcy na stronie Sklepu. Informacje te nie rejestruj\u0105 konkretnych danych osobowych Us\u0142ugobiorcy, lecz s\u0142u\u017c\u0105 do opracowania statystyk korzystania z Sklepu.<\/li>\n<\/ol>\n<p>Us\u0142ugobiorca ma prawo zadecydowania w zakresie dost\u0119pu plik\u00f3w \u201ecookies\u201d do swojego komputera poprzez ich uprzedni wyb\u00f3r w oknie swojej przegl\u0105darki. Szczeg\u00f3\u0142owe informacje o mo\u017cliwo\u015bci i sposobach obs\u0142ugi plik\u00f3w \u201ecookies\u201d dost\u0119pne s\u0105 w ustawieniach oprogramowania (przegl\u0105darki internetowej).<\/p><\/div>\n\t\t\t\t<\/div>\n\t\t\t\t<\/div>\n\t\t\t\t<div class=\"elementor-element elementor-element-e14a545 elementor-widget elementor-widget-heading\" data-id=\"e14a545\" data-element_type=\"widget\" data-widget_type=\"heading.default\">\n\t\t\t\t<div class=\"elementor-widget-container\">\n\t\t\t<h5 class=\"elementor-heading-title elementor-size-default\">\u00a77 POSTANOWIENIA KO\u0143COWE<\/h5>\t\t<\/div>\n\t\t\t\t<\/div>\n\t\t\t\t<div class=\"elementor-element elementor-element-bf8548a elementor-widget elementor-widget-text-editor\" data-id=\"bf8548a\" data-element_type=\"widget\" data-widget_type=\"text-editor.default\">\n\t\t\t\t<div class=\"elementor-widget-container\">\n\t\t\t\t\t<div class=\"elementor-text-editor elementor-clearfix\"><ol>\n<li>Administrator stosuje \u015brodki techniczne i organizacyjne zapewniaj\u0105ce ochron\u0119 przetwarzanych danych osobowych odpowiedni\u0105 do zagro\u017ce\u0144 oraz kategorii danych obj\u0119tych ochron\u0105, a w szczeg\u00f3lno\u015bci zabezpiecza dane przed ich udost\u0119pnieniem osobom nieupowa\u017cnionym, zabraniem przez osob\u0119 nieuprawnion\u0105, przetwarzaniem z naruszeniem obowi\u0105zuj\u0105cych przepis\u00f3w oraz zmian\u0105, utrat\u0105, uszkodzeniem lub zniszczeniem.<\/li>\n<li>Us\u0142ugodawca udost\u0119pnia odpowiednie \u015brodki techniczne zapobiegaj\u0105ce pozyskiwaniu i modyfikowaniu przez osoby nieuprawnione, danych osobowych przesy\u0142anych drog\u0105 elektroniczn\u0105.<\/li>\n<li>W sprawach nieuregulowanych niniejsz\u0105 Polityk\u0105 prywatno\u015bci stosuje si\u0119 odpowiednio postanowienia Regulaminu Sklepu www.oldgallery.eu\/en oraz inne w\u0142a\u015bciwe przepisy prawa polskiego.<\/li>\n<\/ol><\/div>\n\t\t\t\t<\/div>\n\t\t\t\t<\/div>\n\t\t\t\t\t<\/div>\n\t\t<\/div>\n\t\t\t\t\t\t\t<\/div>\n\t\t<\/section>\n\t\t\t\t\t\t<\/div>\n\t\t\t\t\t<\/div>\n\t\t","protected":false},"excerpt":{"rendered":"<p>Polityka prywatno\u015bci \u00a71 DEFINICJE 1.&nbsp;&nbsp;&nbsp;&nbsp;&nbsp;&nbsp; Administrator \u2013 Alina Latos prowadz\u0105ca dzia\u0142alno\u015b\u0107 gospodarcz\u0105 pod firm\u0105 QUADRA POLSKA Alina Latos z siedzib\u0105 w Bydgoszczy, 85-236, przy ulicy Grunwaldzkiej 18A, NIP: 556-19-08-283 2.&nbsp;&nbsp;&nbsp;&nbsp;&nbsp;&nbsp; Dane osobowe \u2013 wszystkie informacje o osobie fizycznej zidentyfikowanej lub mo\u017cliwej do zidentyfikowania poprzez jeden b\u0105d\u017a kilka szczeg\u00f3lnych czynnik\u00f3w okre\u015blaj\u0105cych fizyczn\u0105, fizjologiczn\u0105, genetyczn\u0105, psychiczn\u0105, ekonomiczn\u0105, &hellip;<\/p>\n<p class=\"read-more\"> <a class=\"\" href=\"https:\/\/oldgallery.eu\/en\/polityka-prywatnosci\/\">  Read More &raquo;<\/a><\/p>\n","protected":false},"author":1,"featured_media":0,"parent":0,"menu_order":0,"comment_status":"closed","ping_status":"closed","template":"","meta":[],"_links":{"self":[{"href":"https:\/\/oldgallery.eu\/en\/wp-json\/wp\/v2\/pages\/3"}],"collection":[{"href":"https:\/\/oldgallery.eu\/en\/wp-json\/wp\/v2\/pages"}],"about":[{"href":"https:\/\/oldgallery.eu\/en\/wp-json\/wp\/v2\/types\/page"}],"author":[{"embeddable":true,"href":"https:\/\/oldgallery.eu\/en\/wp-json\/wp\/v2\/users\/1"}],"replies":[{"embeddable":true,"href":"https:\/\/oldgallery.eu\/en\/wp-json\/wp\/v2\/comments?post=3"}],"version-history":[{"count":14,"href":"https:\/\/oldgallery.eu\/en\/wp-json\/wp\/v2\/pages\/3\/revisions"}],"predecessor-version":[{"id":982,"href":"https:\/\/oldgallery.eu\/en\/wp-json\/wp\/v2\/pages\/3\/revisions\/982"}],"wp:attachment":[{"href":"https:\/\/oldgallery.eu\/en\/wp-json\/wp\/v2\/media?parent=3"}],"curies":[{"name":"wp","href":"https:\/\/api.w.org\/{rel}","templated":true}]}}