{"id":518,"date":"2017-12-13T08:38:46","date_gmt":"2017-12-13T07:38:46","guid":{"rendered":"http:\/\/oldgallery.eu\/en\/contact\/"},"modified":"2021-03-10T23:05:18","modified_gmt":"2021-03-10T22:05:18","slug":"contact","status":"publish","type":"page","link":"https:\/\/oldgallery.eu\/en\/contact\/","title":{"rendered":"Contact"},"content":{"rendered":"\t\t<div data-elementor-type=\"wp-post\" data-elementor-id=\"518\" class=\"elementor elementor-518\" data-elementor-settings=\"[]\">\n\t\t\t\t\t\t\t<div class=\"elementor-section-wrap\">\n\t\t\t\t\t\t\t<section class=\"elementor-section elementor-top-section elementor-element elementor-element-fae5fb9 elementor-section-boxed elementor-section-height-default elementor-section-height-default\" data-id=\"fae5fb9\" data-element_type=\"section\" data-settings=\"{&quot;background_background&quot;:&quot;gradient&quot;}\">\n\t\t\t\t\t\t<div class=\"elementor-container elementor-column-gap-default\">\n\t\t\t\t\t<div class=\"elementor-column elementor-col-100 elementor-top-column elementor-element elementor-element-357ba4e\" data-id=\"357ba4e\" data-element_type=\"column\">\n\t\t\t<div class=\"elementor-widget-wrap elementor-element-populated\">\n\t\t\t\t\t\t\t\t<div class=\"elementor-element elementor-element-40400552 elementor-widget elementor-widget-heading\" data-id=\"40400552\" data-element_type=\"widget\" data-widget_type=\"heading.default\">\n\t\t\t\t<div class=\"elementor-widget-container\">\n\t\t\t<h2 class=\"elementor-heading-title elementor-size-default\">Skontaktuj si\u0119 z nami<\/h2>\t\t<\/div>\n\t\t\t\t<\/div>\n\t\t\t\t<section class=\"elementor-section elementor-inner-section elementor-element elementor-element-9f9b13b elementor-section-boxed elementor-section-height-default elementor-section-height-default\" data-id=\"9f9b13b\" data-element_type=\"section\">\n\t\t\t\t\t\t<div class=\"elementor-container elementor-column-gap-default\">\n\t\t\t\t\t<div class=\"elementor-column elementor-col-50 elementor-inner-column elementor-element elementor-element-1820796\" data-id=\"1820796\" data-element_type=\"column\">\n\t\t\t<div class=\"elementor-widget-wrap elementor-element-populated\">\n\t\t\t\t\t\t\t\t<div class=\"elementor-element elementor-element-bc5dffa elementor-widget elementor-widget-text-editor\" data-id=\"bc5dffa\" data-element_type=\"widget\" data-widget_type=\"text-editor.default\">\n\t\t\t\t<div class=\"elementor-widget-container\">\n\t\t\t\t\t<div class=\"elementor-text-editor elementor-clearfix\"><p><strong>Aby skontaktowa\u0107 si\u0119 z nami napisz na adres e-mail<\/strong>:<br \/><a href=\"mailto:galeria@oldgallery.eu\/en\">galeria@oldgallery.eu\/en<\/a><\/p><\/div>\n\t\t\t\t<\/div>\n\t\t\t\t<\/div>\n\t\t\t\t\t<\/div>\n\t\t<\/div>\n\t\t\t\t<div class=\"elementor-column elementor-col-50 elementor-inner-column elementor-element elementor-element-f465d4e\" data-id=\"f465d4e\" data-element_type=\"column\">\n\t\t\t<div class=\"elementor-widget-wrap elementor-element-populated\">\n\t\t\t\t\t\t\t\t<div class=\"elementor-element elementor-element-45c4cb0 animated-slow elementor-invisible elementor-widget elementor-widget-google_maps\" data-id=\"45c4cb0\" data-element_type=\"widget\" data-settings=\"{&quot;_animation&quot;:&quot;fadeIn&quot;}\" data-widget_type=\"google_maps.default\">\n\t\t\t\t<div class=\"elementor-widget-container\">\n\t\t\t<div class=\"elementor-custom-embed\"><iframe frameborder=\"0\" scrolling=\"no\" marginheight=\"0\" marginwidth=\"0\" src=\"https:\/\/maps.google.com\/maps?q=53.127633946630304%2C%2017.985077656019147&amp;t=m&amp;z=14&amp;output=embed&amp;iwloc=near\" title=\"53.127633946630304, 17.985077656019147\" aria-label=\"53.127633946630304, 17.985077656019147\"><\/iframe><\/div>\t\t<\/div>\n\t\t\t\t<\/div>\n\t\t\t\t\t<\/div>\n\t\t<\/div>\n\t\t\t\t\t\t\t<\/div>\n\t\t<\/section>\n\t\t\t\t<div class=\"elementor-element elementor-element-ae54276 elementor-widget elementor-widget-heading\" data-id=\"ae54276\" data-element_type=\"widget\" data-widget_type=\"heading.default\">\n\t\t\t\t<div class=\"elementor-widget-container\">\n\t\t\t<h4 class=\"elementor-heading-title elementor-size-default\">Grunwaldzka 18a, Bydgoszcz 85-236, Polska<\/h4>\t\t<\/div>\n\t\t\t\t<\/div>\n\t\t\t\t\t<\/div>\n\t\t<\/div>\n\t\t\t\t\t\t\t<\/div>\n\t\t<\/section>\n\t\t\t\t\t\t<\/div>\n\t\t\t\t\t<\/div>\n\t\t","protected":false},"excerpt":{"rendered":"<p>Skontaktuj si\u0119 z nami Aby skontaktowa\u0107 si\u0119 z nami napisz na adres e-mail:galeria@oldgallery.eu\/en Grunwaldzka 18a, Bydgoszcz 85-236, Polska<\/p>\n","protected":false},"author":1,"featured_media":0,"parent":0,"menu_order":0,"comment_status":"closed","ping_status":"closed","template":"","meta":[],"_links":{"self":[{"href":"https:\/\/oldgallery.eu\/en\/wp-json\/wp\/v2\/pages\/518"}],"collection":[{"href":"https:\/\/oldgallery.eu\/en\/wp-json\/wp\/v2\/pages"}],"about":[{"href":"https:\/\/oldgallery.eu\/en\/wp-json\/wp\/v2\/types\/page"}],"author":[{"embeddable":true,"href":"https:\/\/oldgallery.eu\/en\/wp-json\/wp\/v2\/users\/1"}],"replies":[{"embeddable":true,"href":"https:\/\/oldgallery.eu\/en\/wp-json\/wp\/v2\/comments?post=518"}],"version-history":[{"count":41,"href":"https:\/\/oldgallery.eu\/en\/wp-json\/wp\/v2\/pages\/518\/revisions"}],"predecessor-version":[{"id":1313,"href":"https:\/\/oldgallery.eu\/en\/wp-json\/wp\/v2\/pages\/518\/revisions\/1313"}],"wp:attachment":[{"href":"https:\/\/oldgallery.eu\/en\/wp-json\/wp\/v2\/media?parent=518"}],"curies":[{"name":"wp","href":"https:\/\/api.w.org\/{rel}","templated":true}]}}